{"id":46,"date":"2022-09-23T09:47:27","date_gmt":"2022-09-23T07:47:27","guid":{"rendered":"http:\/\/www.zweirad-fissler.de\/?page_id=46"},"modified":"2026-04-20T12:28:57","modified_gmt":"2026-04-20T10:28:57","slug":"impressum","status":"publish","type":"page","link":"http:\/\/www.zweirad-fissler.de\/?page_id=46","title":{"rendered":"Impressum"},"content":{"rendered":"\n<h2 class=\"wp-block-heading\" style=\"font-size:28px\">Angaben gem\u00e4\u00df \u00a7 5 TMG<\/h2>\n\n\n\n<p>Ronny Fissler<br>Zweirad Fissler<br>Geiststra\u00dfe 48<br>48151 M\u00fcnster<\/p>\n\n\n\n<h2 class=\"wp-block-heading\">Kontakt<\/h2>\n\n\n\n<p>Telefon: 0251 7486553<br>E-Mail: info@zweirad-fissler.de<\/p>\n\n\n\n<h2 class=\"wp-block-heading\">Eintragung in die Handwerksrolle<\/h2>\n\n\n\n<p>Eingetragen in die Handwerksrolle der Handwerkskammer M\u00fcnster<br>als Zweiradmechaniker, Zweiradmechatroniker, Werkstatt<\/p>\n\n\n\n<p>Berufsrechtliche Regelungen (Handwerksordnung\/HwO) unter:<br><a href=\"https:\/\/www.gesetze-im-internet.de\/hwo\/index.html\">https:\/\/www.gesetze-im-internet.de\/hwo\/<\/a><\/p>\n\n\n\n<h2 class=\"wp-block-heading\">Zust\u00e4ndige Handwerkskammer<\/h2>\n\n\n\n<p>Handwerkskammer M\u00fcnster<br>Bismarckallee 1<br>48151 M\u00fcnster<\/p>\n\n\n\n<h2 class=\"wp-block-heading\">Umsatzsteuer-ID<\/h2>\n\n\n\n<p>Umsatzsteuer-Identifikationsnummer gem\u00e4\u00df \u00a7 27 a Umsatzsteuergesetz:<br>USt-ID: DE-27129088<\/p>\n\n\n\n<h2 class=\"wp-block-heading\">EU-Streitschlichtung<\/h2>\n\n\n\n<p>Die Europ\u00e4ische Kommission stellt eine Plattform zur Online-Streitbeilegung (OS) bereit: <a href=\"https:\/\/ec.europa.eu\/consumers\/odr\/\" target=\"_blank\" rel=\"noreferrer noopener\">https:\/\/ec.europa.eu\/consumers\/odr\/<\/a>.<br>Unsere E-Mail-Adresse finden Sie oben im Impressum.<\/p>\n\n\n\n<h2 class=\"wp-block-heading\">Verbraucher\u00adstreit\u00adbeilegung\/Universal\u00adschlichtungs\u00adstelle<\/h2>\n\n\n\n<p>Wir sind nicht bereit oder verpflichtet, an Streitbeilegungsverfahren vor einer Verbraucherschlichtungsstelle teilzunehmen.<\/p>\n\n\n\n<p>Quelle: <a href=\"https:\/\/www.e-recht24.de\">https:\/\/www.e-recht24.de<\/a><\/p>\n","protected":false},"excerpt":{"rendered":"<p>Angaben gem\u00e4\u00df \u00a7 5 TMG Ronny FisslerZweirad FisslerGeiststra\u00dfe 4848151 M\u00fcnster Kontakt Telefon: 0251 7486553E-Mail: info@zweirad-fissler.de Eintragung in die Handwerksrolle Eingetragen in die Handwerksrolle der Handwerkskammer M\u00fcnsterals Zweiradmechaniker, Zweiradmechatroniker, Werkstatt Berufsrechtliche Regelungen (Handwerksordnung\/HwO) unter:https:\/\/www.gesetze-im-internet.de\/hwo\/ Zust\u00e4ndige Handwerkskammer Handwerkskammer M\u00fcnsterBismarckallee 148151 M\u00fcnster Umsatzsteuer-ID Umsatzsteuer-Identifikationsnummer gem\u00e4\u00df \u00a7 27 a Umsatzsteuergesetz:USt-ID: DE-27129088 EU-Streitschlichtung Die Europ\u00e4ische Kommission stellt eine Plattform zur [&hellip;]<\/p>\n","protected":false},"author":1,"featured_media":0,"parent":0,"menu_order":0,"comment_status":"closed","ping_status":"closed","template":"templates\/template-page-full-width.php","meta":{"footnotes":""},"class_list":["post-46","page","type-page","status-publish","hentry"],"_links":{"self":[{"href":"http:\/\/www.zweirad-fissler.de\/index.php?rest_route=\/wp\/v2\/pages\/46","targetHints":{"allow":["GET"]}}],"collection":[{"href":"http:\/\/www.zweirad-fissler.de\/index.php?rest_route=\/wp\/v2\/pages"}],"about":[{"href":"http:\/\/www.zweirad-fissler.de\/index.php?rest_route=\/wp\/v2\/types\/page"}],"author":[{"embeddable":true,"href":"http:\/\/www.zweirad-fissler.de\/index.php?rest_route=\/wp\/v2\/users\/1"}],"replies":[{"embeddable":true,"href":"http:\/\/www.zweirad-fissler.de\/index.php?rest_route=%2Fwp%2Fv2%2Fcomments&post=46"}],"version-history":[{"count":8,"href":"http:\/\/www.zweirad-fissler.de\/index.php?rest_route=\/wp\/v2\/pages\/46\/revisions"}],"predecessor-version":[{"id":776,"href":"http:\/\/www.zweirad-fissler.de\/index.php?rest_route=\/wp\/v2\/pages\/46\/revisions\/776"}],"wp:attachment":[{"href":"http:\/\/www.zweirad-fissler.de\/index.php?rest_route=%2Fwp%2Fv2%2Fmedia&parent=46"}],"curies":[{"name":"wp","href":"https:\/\/api.w.org\/{rel}","templated":true}]}}