{"id":182,"date":"2022-11-08T15:07:02","date_gmt":"2022-11-08T14:07:02","guid":{"rendered":"http:\/\/www.zweirad-fissler.de\/?page_id=182"},"modified":"2026-03-24T09:16:15","modified_gmt":"2026-03-24T08:16:15","slug":"2-x-in-muenster","status":"publish","type":"page","link":"http:\/\/www.zweirad-fissler.de\/?page_id=182","title":{"rendered":"2 x in M\u00fcnster"},"content":{"rendered":"\n<p><\/p>\n\n\n\n<div class=\"wp-block-columns is-layout-flex wp-container-core-columns-is-layout-9d6595d7 wp-block-columns-is-layout-flex\">\n<div class=\"wp-block-column is-layout-flow wp-block-column-is-layout-flow\" style=\"flex-basis:50%\">\n<figure class=\"wp-block-image size-full\"><img loading=\"lazy\" decoding=\"async\" width=\"750\" height=\"500\" src=\"http:\/\/www.zweirad-fissler.de\/wp-content\/uploads\/2023\/10\/bike_and_more_geist48.jpg\" alt=\"\" class=\"wp-image-366\" srcset=\"http:\/\/www.zweirad-fissler.de\/wp-content\/uploads\/2023\/10\/bike_and_more_geist48.jpg 750w, http:\/\/www.zweirad-fissler.de\/wp-content\/uploads\/2023\/10\/bike_and_more_geist48-300x200.jpg 300w\" sizes=\"auto, (max-width: 750px) 100vw, 750px\" \/><\/figure>\n<\/div>\n\n\n\n<div class=\"wp-block-column is-layout-flow wp-block-column-is-layout-flow\">\n<h5>Bike &amp; More<\/h5>\n<p>Geiststra\u00dfe 48<\/p>\n<p>48151 M\u00fcnster<\/p>\n<h5>\u00d6ffnungszeiten<\/h5>\n<p>Mo &#8211; Fr <br \/>10:00 &#8211; 13:00 Uhr<br \/>14:00 &#8211; 18:00 Uhr<\/p>\n<p>Samstag<br \/>10:00 &#8211; 14:00 Uhr<\/p>\n<p>Tel:: 0251 7486553<\/p>\n<\/div>\n\n\n\n<div class=\"wp-block-column is-layout-flow wp-block-column-is-layout-flow\" style=\"flex-basis:30%\">\n<iframe loading=\"lazy\" scrolling=\"no\" marginheight=\"0\" marginwidth=\"0\" src=\"https:\/\/www.openstreetmap.org\/export\/embed.html?bbox=7.619892954826355%2C51.948330375899566%2C7.623184025287629%2C51.949838103748746&amp;layer=mapnik&amp;marker=51.949084246160346%2C7.621537148952484\" style=\"border: 1px solid black\" width=\"425\" height=\"350\"><\/iframe><br\/><small><a href=\"https:\/\/www.openstreetmap.org\/?mlat=51.94908&amp;mlon=7.62154#map=19\/51.94908\/7.62154&amp;layers=N\">Gr\u00f6\u00dfere Karte anzeigen<\/a><\/small>\n<\/div>\n<\/div>\n\n\n\n<p><\/p>\n\n\n\n<hr class=\"wp-block-separator has-alpha-channel-opacity\"\/>\n\n\n\n<div class=\"wp-block-columns is-layout-flex wp-container-core-columns-is-layout-9d6595d7 wp-block-columns-is-layout-flex\">\n<div class=\"wp-block-column is-layout-flow wp-block-column-is-layout-flow\" style=\"flex-basis:50%\">\n<figure class=\"wp-block-image size-full\"><img loading=\"lazy\" decoding=\"async\" width=\"750\" height=\"500\" src=\"http:\/\/www.zweirad-fissler.de\/wp-content\/uploads\/2026\/03\/zweirad-fissler_ladenlokal.webp\" alt=\"\" class=\"wp-image-747\" srcset=\"http:\/\/www.zweirad-fissler.de\/wp-content\/uploads\/2026\/03\/zweirad-fissler_ladenlokal.webp 750w, http:\/\/www.zweirad-fissler.de\/wp-content\/uploads\/2026\/03\/zweirad-fissler_ladenlokal-300x200.webp 300w\" sizes=\"auto, (max-width: 750px) 100vw, 750px\" \/><\/figure>\n<\/div>\n\n\n\n<div class=\"wp-block-column is-layout-flow wp-block-column-is-layout-flow\">\n<h5>Zweirad Fissler<\/h5>\n<p>Von-Witzleben-Str. 36\n<br>48151 M\u00fcnster<\/p>\n<h5>\u00d6ffnungszeiten<\/h5>\n<p>Di &#8211; Fr <br>13:00 &#8211; 18:00 Uhr <\/p>\n<p>Tel.: 0251 7486553\n<\/div>\n\n\n\n<div class=\"wp-block-column is-layout-flow wp-block-column-is-layout-flow\" style=\"flex-basis:30.1%\">\n<iframe loading=\"lazy\" scrolling=\"no\" marginheight=\"0\" marginwidth=\"0\" src=\"https:\/\/www.openstreetmap.org\/export\/embed.html?bbox=7.607039809226991%2C51.9452354072937%2C7.610408663749696%2C51.94674323919117&amp;layer=mapnik&amp;marker=51.94598935000505%2C7.60872315000006\" style=\"border: 1px solid black\" width=\"425\" height=\"350\" frameborder=\"0\"><\/iframe><br><small><a href=\"https:\/\/www.openstreetmap.org\/?mlat=51.94599&amp;mlon=7.60872#map=19\/51.94599\/7.60872\">Gr\u00f6\u00dfere Karte anzeigen<\/a><\/small>\n<\/div>\n<\/div>\n","protected":false},"excerpt":{"rendered":"<p>Bike &amp; More Geiststra\u00dfe 48 48151 M\u00fcnster \u00d6ffnungszeiten Mo &#8211; Fr 10:00 &#8211; 13:00 Uhr14:00 &#8211; 18:00 Uhr Samstag10:00 &#8211; 14:00 Uhr Tel:: 0251 7486553 Gr\u00f6\u00dfere Karte anzeigen Zweirad Fissler Von-Witzleben-Str. 36 48151 M\u00fcnster \u00d6ffnungszeiten Di &#8211; Fr 13:00 &#8211; 18:00 Uhr Tel.: 0251 7486553 Gr\u00f6\u00dfere Karte anzeigen<\/p>\n","protected":false},"author":1,"featured_media":0,"parent":0,"menu_order":0,"comment_status":"closed","ping_status":"closed","template":"templates\/template-page-full-width.php","meta":{"footnotes":""},"class_list":["post-182","page","type-page","status-publish","hentry"],"_links":{"self":[{"href":"http:\/\/www.zweirad-fissler.de\/index.php?rest_route=\/wp\/v2\/pages\/182","targetHints":{"allow":["GET"]}}],"collection":[{"href":"http:\/\/www.zweirad-fissler.de\/index.php?rest_route=\/wp\/v2\/pages"}],"about":[{"href":"http:\/\/www.zweirad-fissler.de\/index.php?rest_route=\/wp\/v2\/types\/page"}],"author":[{"embeddable":true,"href":"http:\/\/www.zweirad-fissler.de\/index.php?rest_route=\/wp\/v2\/users\/1"}],"replies":[{"embeddable":true,"href":"http:\/\/www.zweirad-fissler.de\/index.php?rest_route=%2Fwp%2Fv2%2Fcomments&post=182"}],"version-history":[{"count":47,"href":"http:\/\/www.zweirad-fissler.de\/index.php?rest_route=\/wp\/v2\/pages\/182\/revisions"}],"predecessor-version":[{"id":748,"href":"http:\/\/www.zweirad-fissler.de\/index.php?rest_route=\/wp\/v2\/pages\/182\/revisions\/748"}],"wp:attachment":[{"href":"http:\/\/www.zweirad-fissler.de\/index.php?rest_route=%2Fwp%2Fv2%2Fmedia&parent=182"}],"curies":[{"name":"wp","href":"https:\/\/api.w.org\/{rel}","templated":true}]}}